{"id":7,"date":"2021-11-07T19:08:15","date_gmt":"2021-11-07T18:08:15","guid":{"rendered":"http:\/\/www.denyslable.com\/?page_id=7"},"modified":"2021-11-07T19:57:25","modified_gmt":"2021-11-07T18:57:25","slug":"a-propos-de","status":"publish","type":"page","link":"https:\/\/www.denyslable.com\/index.php\/a-propos-de\/","title":{"rendered":"\u00c0 propos de"},"content":{"rendered":"\n<div class=\"wp-block-image is-style-rounded\"><figure class=\"aligncenter size-large\"><img loading=\"lazy\" width=\"236\" height=\"234\" src=\"https:\/\/www.denyslable.com\/wp-content\/uploads\/2021\/11\/Capture-de\u0301cran-2021-11-07-a\u0300-19.52.55.png\" alt=\"\" class=\"wp-image-49\" srcset=\"https:\/\/www.denyslable.com\/wp-content\/uploads\/2021\/11\/Capture-de\u0301cran-2021-11-07-a\u0300-19.52.55.png 236w, https:\/\/www.denyslable.com\/wp-content\/uploads\/2021\/11\/Capture-de\u0301cran-2021-11-07-a\u0300-19.52.55-150x150.png 150w\" sizes=\"(max-width: 236px) 100vw, 236px\" \/><\/figure><\/div>\n\n\n\n<p class=\"has-text-align-center\">Denys a grandi dans une famille de musiciens. Sa m\u00e8re Jeanne Marie Berthier est la fille de Paul Berthier (1884-1953), cofondateur de la Man\u00e9canterie des Petits Chanteurs \u00e0 la Croix de Bois, il est le neveu de Jacques Berthier (1923-1994), compositeur et organiste, cousin de France Gall et de Vincent Berthier de Lioncourt (fils de Jacques), co-fondateur en 1987, du Centre de musique baroque de Versailles (CMBV). \u00c0 12 ans, il a sa premi\u00e8re guitare ; 5 ans plus tard il fonde avec son fr\u00e8re Richard son premier groupe, Les Shows. Au milieu des ann\u00e9es soixante, il suit ses \u00e9tudes \u00e0 l&#8217;Ecole Boulle \u00e0 Paris. Il multiplie peu apr\u00e8s les apparitions dans de nombreux groupes de rock : les Sharks, Mat 3 avec Mat Camison , Trust avec J.Shultheis jusqu&#8217;\u00e0 ses premiers enregistrements en studio pour Michel Colombier au d\u00e9but des ann\u00e9es 70 tout en accompagnant sur sc\u00e8ne Eric Charden, et Nicoletta qui chantait il est mort le soleil repris par Ray Charles.<\/p>\n\n\n\n<div class=\"wp-block-image\"><figure class=\"aligncenter size-large\"><img loading=\"lazy\" width=\"299\" height=\"300\" src=\"https:\/\/www.denyslable.com\/wp-content\/uploads\/2021\/11\/mat3.jpg\" alt=\"\" class=\"wp-image-42\" srcset=\"https:\/\/www.denyslable.com\/wp-content\/uploads\/2021\/11\/mat3.jpg 299w, https:\/\/www.denyslable.com\/wp-content\/uploads\/2021\/11\/mat3-150x150.jpg 150w\" sizes=\"(max-width: 299px) 100vw, 299px\" \/><\/figure><\/div>\n\n\n\n<p class=\"has-text-align-center\">1970\/71 marque le d\u00e9but d&#8217;une longue collaboration avec Julien Clerc, qu&#8217;il accompagnera en tourn\u00e9e en France et \u00e0 travers le monde. En 74, il enregistre Terre de France et l&#8217;ann\u00e9e suivante il signe trois arrangements sur N\u00b07. C&#8217;est \u00e0 cette \u00e9poque qu&#8217;il rencontre Jean-Claude Vannier avec lequel il travaille entre autres pour Serge Gainsbourg et Jane Birkin. En 1977, c&#8217;est Le Th\u00e9\u00e2tre de la ville, avec Michel Jonasz et le d\u00e9but d&#8217;une activit\u00e9 fertile avec Gabriel Yared. Il participe aux albums Gin tonic et Musique saoule de Fran\u00e7oise Hardy. Tout au long des ann\u00e9es 1980\/90, il est sollicit\u00e9 par de nombreux artistes et enregistre dans les \u00ab Temples du son \u00bb que sont les studios Davout, Ferber, La Grande Arm\u00e9e, Gang, Plus 30, Face B, etc. En compagnie de Paul Scemama, il produit son premier album, Crystal Hotel. En 1989 para\u00eet Sarbacane qui marque le d\u00e9part d&#8217;une longue complicit\u00e9 avec Francis Cabrel. Parall\u00e8lement, il travaille au sein de la M.B. School pour la version anglaise de Starmania, Tycoon notamment sur le titre chant\u00e9 par Peter Kingsbery Only the very best. Dion chante Plamondon et Double je (Michel Berger et France Gall en duo).<\/p>\n\n\n\n<div class=\"wp-block-image\"><figure class=\"aligncenter size-large is-resized\"><img loading=\"lazy\" src=\"https:\/\/www.denyslable.com\/wp-content\/uploads\/2021\/11\/bill-wyman.jpg\" alt=\"\" class=\"wp-image-44\" width=\"298\" height=\"297\" srcset=\"https:\/\/www.denyslable.com\/wp-content\/uploads\/2021\/11\/bill-wyman.jpg 225w, https:\/\/www.denyslable.com\/wp-content\/uploads\/2021\/11\/bill-wyman-150x150.jpg 150w\" sizes=\"(max-width: 298px) 100vw, 298px\" \/><\/figure><\/div>\n\n\n\n<p>En 1990 commence la tourn\u00e9e du Rock&#8217;n Roll Show avec F. Cabrel et Dick Rivers qui revisitent le rock des ann\u00e9es 1950. En 1993, il est aux c\u00f4t\u00e9s de France Gall pour les concerts \u00e0 Bercy et la tourn\u00e9e qui suit. En 1994, c&#8217;est Samedi soir sur la terre et le second album de Denys \u00ab Crapou\/Lable \u00bb confectionn\u00e9 avec G\u00e9rard Kawczynski. L&#8217;ann\u00e9e suivante, il part enregistrer \u00e0 Montr\u00e9al avec Roch Voisine, Robert Charlebois, Jeff Smallwood, Patrick Norman. Puis il participe \u00e0 l&#8217;album 23 am de Robert Miles.<\/p>\n\n\n\n<p class=\"has-text-align-center\">\u00c0 la demande de J.F. Foucault, directeur du festival parisien Jazz \u00e0 Albret, il donne, entour\u00e9 de Bertrand Lajudie, \u00c9ric Seva, et les Paganotti p\u00e8re et fils, un unique concert en juillet 2000, et se lance peu apr\u00e8s dans l&#8217;aventure \u00ab Autour du blues \u00bb. Sous l&#8217;impulsion du producteur \u00c9ric Basset, \u00e9paul\u00e9 par Michael Jones et Patrick Verbeke, il r\u00e9unit une \u00e9quipe pour un concert o\u00f9 les \u00ab guitaristes \u00bb et \u00ab le Blues \u00bb sont \u00e0 l&#8217;honneur. J.J. Goldmann, D. Rivers, F. Cabrel, Paul Personne s&#8217;associent \u00e0 l&#8217;\u00e9v\u00e8nement, qui fera l&#8217;objet d&#8217;un double CD (2001). D&#8217;autres concerts, d&#8217;autres enregistrements suivront. Le dernier en date a \u00e9t\u00e9 r\u00e9alis\u00e9 au New Morning en 2007, pour les 25 ans du club, en compagnie de Robben Ford et Larry Carlton. \u00c0 noter ses autres r\u00e9alisations pour Val\u00e9rie Cicco (Quelle belle ville), P. Verbeke (\u00c9chos d&#8217;Acadie), et Soldat Louis (Itin\u00e9raires et VIP: Very Intimes Poteaux). Il n&#8217;oublie pas \u00e9videmment tous ceux qu&#8217;il ne peut citer ici, artistes, musiciens, arrangeurs, ing\u00e9nieurs, toutes les rencontres et tous les lieux, studios, mobile home, home- studios etc, o\u00f9 tant de \u00ab&nbsp;titres&nbsp;\u00bb sont n\u00e9s. Il sait que certains ont eu un beau destin, et peut m\u00eame ressentir une pointe de fiert\u00e9 en \u00e9coutant par exemple la reprise de <a href=\"http:\/\/www.allmusic.com\/album\/just-for-a-thrill-mw0000265993\" data-type=\"URL\" data-id=\"http:\/\/www.allmusic.com\/album\/just-for-a-thrill-mw0000265993\">Disappearing nightly<\/a>  par Albert Lee et Mark Knopfler et Bill Wyman, sachant qu&#8217;il joue sur la version&nbsp;originale de Spencer Bohren, enregistr\u00e9e avec F. Cabrel dans son studio \u00e0 Astaffort&nbsp;!<\/p>\n\n\n\n<p><\/p>\n","protected":false},"excerpt":{"rendered":"<p>Denys a grandi dans une famille de musiciens. Sa m\u00e8re Jeanne Marie Berthier est la fille de Paul Berthier (1884-1953), cofondateur de la Man\u00e9canterie des Petits Chanteurs \u00e0 la Croix de Bois, il est le neveu de Jacques Berthier (1923-1994), compositeur et organiste, cousin de France Gall et de Vincent Berthier de Lioncourt (fils de [&hellip;]<\/p>\n","protected":false},"author":1,"featured_media":0,"parent":0,"menu_order":0,"comment_status":"closed","ping_status":"closed","template":"","meta":[],"_links":{"self":[{"href":"https:\/\/www.denyslable.com\/index.php\/wp-json\/wp\/v2\/pages\/7"}],"collection":[{"href":"https:\/\/www.denyslable.com\/index.php\/wp-json\/wp\/v2\/pages"}],"about":[{"href":"https:\/\/www.denyslable.com\/index.php\/wp-json\/wp\/v2\/types\/page"}],"author":[{"embeddable":true,"href":"https:\/\/www.denyslable.com\/index.php\/wp-json\/wp\/v2\/users\/1"}],"replies":[{"embeddable":true,"href":"https:\/\/www.denyslable.com\/index.php\/wp-json\/wp\/v2\/comments?post=7"}],"version-history":[{"count":5,"href":"https:\/\/www.denyslable.com\/index.php\/wp-json\/wp\/v2\/pages\/7\/revisions"}],"predecessor-version":[{"id":50,"href":"https:\/\/www.denyslable.com\/index.php\/wp-json\/wp\/v2\/pages\/7\/revisions\/50"}],"wp:attachment":[{"href":"https:\/\/www.denyslable.com\/index.php\/wp-json\/wp\/v2\/media?parent=7"}],"curies":[{"name":"wp","href":"https:\/\/api.w.org\/{rel}","templated":true}]}}